{"id":226,"date":"2022-08-16T21:10:03","date_gmt":"2022-08-16T19:10:03","guid":{"rendered":"https:\/\/stacjaplaska.pl\/?page_id=226"},"modified":"2023-01-07T14:41:54","modified_gmt":"2023-01-07T13:41:54","slug":"jezioro-plaskie","status":"publish","type":"page","link":"https:\/\/stacjaplaska.pl\/index.php\/jezioro-plaskie\/","title":{"rendered":"Jezioro P\u0142askie"},"content":{"rendered":"\n<p>Wyj\u0105tkowe jezioro, kt\u00f3re wed\u0142ug wielu z lotu ptaka przypomina atol!<\/p>\n\n\n\n<p>Zdecydowanie polecamy wizyt\u0119 nad tym jeziorem ze wzgl\u0119du na jego wyj\u0105tkowy dla okolicy owalny kszta\u0142t oraz  ciemnogranatow\u0105 barw\u0119 wody, kt\u00f3ra dooko\u0142a mieni si\u0119 odcieniami koloru b\u0142\u0119kitnego i zielonego. Jak wszystkie okoliczne jeziora, jest to jezioro polodowcowe, ale jego unikatowa urokliwo\u015b\u0107 to wynik jego 'niezale\u017cno\u015bci&#8217; &#8211; jest to jezioro nie po\u0142\u0105czone z jakimkolwiek innym zbiornikiem wodnym, przez co cechuje je naturalna stabilno\u015b\u0107 i czysto\u015b\u0107.<\/p>\n\n\n\n<p>W okolicy warto zobaczy\u0107 te\u017c ciekawe, wij\u0105ce si\u0119 jak w\u0105\u017c jezioro Krejwelanek, a dotrze\u0107 tam najdogodniej przez Mikasz\u00f3wk\u0119, gdzie kolejno mo\u017cna zwiedzi\u0107 \u015bluz\u0119, ko\u015bci\u00f3\u0142 oraz zbieg rzek Czarnej Ha\u0144czy oraz Szlamicy w Rygolu.<\/p>\n\n\n\n<figure class=\"wp-block-image size-large\"><img loading=\"lazy\" decoding=\"async\" width=\"1024\" height=\"461\" src=\"https:\/\/stacjaplaska.pl\/wp-content\/uploads\/2023\/01\/20220807_095830-1024x461.jpg\" alt=\"\" class=\"wp-image-404\" srcset=\"https:\/\/stacjaplaska.pl\/wp-content\/uploads\/2023\/01\/20220807_095830-1024x461.jpg 1024w, https:\/\/stacjaplaska.pl\/wp-content\/uploads\/2023\/01\/20220807_095830-300x135.jpg 300w, https:\/\/stacjaplaska.pl\/wp-content\/uploads\/2023\/01\/20220807_095830-768x346.jpg 768w, https:\/\/stacjaplaska.pl\/wp-content\/uploads\/2023\/01\/20220807_095830-1536x692.jpg 1536w, https:\/\/stacjaplaska.pl\/wp-content\/uploads\/2023\/01\/20220807_095830-2048x922.jpg 2048w\" sizes=\"auto, (max-width: 767px) 89vw, (max-width: 1000px) 54vw, (max-width: 1071px) 543px, 580px\" \/><\/figure>\n\n\n\n<figure class=\"wp-block-image size-full\"><img loading=\"lazy\" decoding=\"async\" width=\"755\" height=\"763\" src=\"https:\/\/stacjaplaska.pl\/wp-content\/uploads\/2023\/01\/plaskie.jpg\" alt=\"\" class=\"wp-image-365\" srcset=\"https:\/\/stacjaplaska.pl\/wp-content\/uploads\/2023\/01\/plaskie.jpg 755w, https:\/\/stacjaplaska.pl\/wp-content\/uploads\/2023\/01\/plaskie-297x300.jpg 297w, https:\/\/stacjaplaska.pl\/wp-content\/uploads\/2023\/01\/plaskie-100x100.jpg 100w\" sizes=\"auto, (max-width: 706px) 89vw, (max-width: 767px) 82vw, 740px\" \/><\/figure>\n","protected":false},"excerpt":{"rendered":"<p>Wyj\u0105tkowe jezioro, kt\u00f3re wed\u0142ug wielu z lotu ptaka przypomina atol! Zdecydowanie polecamy wizyt\u0119 nad tym jeziorem ze wzgl\u0119du na jego wyj\u0105tkowy dla okolicy owalny kszta\u0142t oraz ciemnogranatow\u0105 barw\u0119 wody, kt\u00f3ra dooko\u0142a mieni si\u0119 odcieniami koloru b\u0142\u0119kitnego i zielonego. Jak wszystkie okoliczne jeziora, jest to jezioro polodowcowe, ale jego unikatowa urokliwo\u015b\u0107 to wynik jego 'niezale\u017cno\u015bci&#8217; &#8211; &hellip; <\/p>\n<p class=\"link-more\"><a href=\"https:\/\/stacjaplaska.pl\/index.php\/jezioro-plaskie\/\" class=\"more-link\">Czytaj dalej<span class=\"screen-reader-text\"> \u201eJezioro P\u0142askie\u201d<\/span><\/a><\/p>\n","protected":false},"author":1,"featured_media":0,"parent":0,"menu_order":0,"comment_status":"closed","ping_status":"closed","template":"","meta":{"om_disable_all_campaigns":false,"_monsterinsights_skip_tracking":false,"_monsterinsights_sitenote_active":false,"_monsterinsights_sitenote_note":"","_monsterinsights_sitenote_category":0,"footnotes":""},"class_list":["post-226","page","type-page","status-publish","hentry"],"aioseo_notices":[],"_links":{"self":[{"href":"https:\/\/stacjaplaska.pl\/index.php\/wp-json\/wp\/v2\/pages\/226","targetHints":{"allow":["GET"]}}],"collection":[{"href":"https:\/\/stacjaplaska.pl\/index.php\/wp-json\/wp\/v2\/pages"}],"about":[{"href":"https:\/\/stacjaplaska.pl\/index.php\/wp-json\/wp\/v2\/types\/page"}],"author":[{"embeddable":true,"href":"https:\/\/stacjaplaska.pl\/index.php\/wp-json\/wp\/v2\/users\/1"}],"replies":[{"embeddable":true,"href":"https:\/\/stacjaplaska.pl\/index.php\/wp-json\/wp\/v2\/comments?post=226"}],"version-history":[{"count":4,"href":"https:\/\/stacjaplaska.pl\/index.php\/wp-json\/wp\/v2\/pages\/226\/revisions"}],"predecessor-version":[{"id":406,"href":"https:\/\/stacjaplaska.pl\/index.php\/wp-json\/wp\/v2\/pages\/226\/revisions\/406"}],"wp:attachment":[{"href":"https:\/\/stacjaplaska.pl\/index.php\/wp-json\/wp\/v2\/media?parent=226"}],"curies":[{"name":"wp","href":"https:\/\/api.w.org\/{rel}","templated":true}]}}