{"id":50,"date":"2022-08-04T08:09:56","date_gmt":"2022-08-04T06:09:56","guid":{"rendered":"https:\/\/stacjaplaska.pl\/?page_id=50"},"modified":"2025-04-05T17:43:44","modified_gmt":"2025-04-05T15:43:44","slug":"kanal-augustowski","status":"publish","type":"page","link":"https:\/\/stacjaplaska.pl\/index.php\/kanal-augustowski\/","title":{"rendered":"Kana\u0142 Augustowski"},"content":{"rendered":"\n<p>Kana\u0142 Augustowski to pere\u0142ka Podlasia, kt\u00f3r\u0105 warto odwiedzi\u0107 nawet je\u015bli nie planujecie sun\u0105\u0107 kajakiem po taflach rzek i jezior. Dzie\u0142o polskich in\u017cynier\u00f3w z XIX wieku jest uznawane za unikatowe na skale europejsk\u0105.&nbsp;Kana\u0142 Augustowski ma 103,4 km d\u0142ugo\u015bci, z czego znacz\u0105ca wi\u0119kszo\u015b\u0107, ponad 80% znajduje si\u0119 na terenie naszego kraju, a pozosta\u0142a cze\u015b\u0107 na Bia\u0142orusi.&nbsp;Kana\u0142 Augustowski na swojej d\u0142ugo\u015bci, dzi\u0119ki licznym \u015bluzom, pokonuje r\u00f3\u017cnic\u0119 poziom\u00f3w w\u00f3d o wysoko\u015bci ponad 54 metr\u00f3w.<\/p>\n\n\n\n<p>Kana\u0142 Augustowski jest jednym z najpi\u0119kniejszych szlak\u00f3w kajakowych w Polsce, jednak\u017ce, je\u015bli nie przepadacie za tak\u0105 form\u0105 aktywno\u015bci, to mo\u017cna wybra\u0107 si\u0119 na rowerowy szlak! Bo co warte podkre\u015blenia, oko\u0142o 50 km kana\u0142u biegnie przez szalenie pachn\u0105c\u0105 Puszcz\u0119 Augustowsk\u0105.<\/p>\n\n\n\n<p>Stacja P\u0142aska ulokowana jest zar\u00f3wno i przy samym kanale, mniej wi\u0119cej na 60-tym kilometrze szlaku wodnego, jaki i wzd\u0142u\u017c wschodniego odcinka traktu rowerowego Greenvelo, w niedalekiej odleg\u0142o\u015bci od jedynej dwukomorowej \u015bluzy znajduj\u0105cej si\u0119 w Paniewie.<\/p>\n\n\n\n<p>Poszukiwaczom przyg\u00f3d polecamy poni\u017csze publikacje:<\/p>\n\n\n\n<ul class=\"wp-block-list\">\n<li>Przewodnik kajakowy &#8217;<strong><a href=\"https:\/\/www.plaska.pl\/strona-292-przewodnik_skajakiem_wzdluz_kanalu.html\" target=\"_blank\" rel=\"noopener\" title=\"\">KAJAKIEM WZD\u0141U\u017b KANA\u0141U AUGUSTOWSKIEGO<\/a><\/strong>&#8217;<\/li>\n\n\n\n<li>Album fotograficzny &#8217;<strong><a href=\"https:\/\/www.plaska.pl\/strona-291-album_fotograficzny_droga_wodna_z.html\" target=\"_blank\" rel=\"noopener\" title=\"\">DROG\u0104 WODN\u0104 Z AUGUSTOWA DO GRODNA I Z POWROTEM<\/a><\/strong>&#8217;<\/li>\n<\/ul>\n\n\n\n<figure class=\"wp-block-gallery has-nested-images columns-default is-cropped wp-block-gallery-1 is-layout-flex wp-block-gallery-is-layout-flex\">\n<figure class=\"wp-block-image size-full\"><a href=\"https:\/\/stacjaplaska.pl\/wp-content\/uploads\/2022\/08\/Plan_Kanalu_Augustowskiego-small.jpg\"><img loading=\"lazy\" decoding=\"async\" width=\"800\" height=\"702\" data-id=\"173\" src=\"https:\/\/stacjaplaska.pl\/wp-content\/uploads\/2022\/08\/Plan_Kanalu_Augustowskiego-small.jpg\" alt=\"\" class=\"wp-image-173\" srcset=\"https:\/\/stacjaplaska.pl\/wp-content\/uploads\/2022\/08\/Plan_Kanalu_Augustowskiego-small.jpg 800w, https:\/\/stacjaplaska.pl\/wp-content\/uploads\/2022\/08\/Plan_Kanalu_Augustowskiego-small-300x263.jpg 300w, https:\/\/stacjaplaska.pl\/wp-content\/uploads\/2022\/08\/Plan_Kanalu_Augustowskiego-small-768x674.jpg 768w\" sizes=\"auto, (max-width: 767px) 89vw, (max-width: 1000px) 54vw, (max-width: 1071px) 543px, 580px\" \/><\/a><\/figure>\n<\/figure>\n\n\n\n<figure class=\"wp-block-gallery has-nested-images columns-default is-cropped wp-block-gallery-2 is-layout-flex wp-block-gallery-is-layout-flex\">\n<figure class=\"wp-block-image size-large\"><a href=\"https:\/\/stacjaplaska.pl\/wp-content\/uploads\/2022\/08\/20220807_082745-461x1024.jpg\"><img loading=\"lazy\" decoding=\"async\" width=\"461\" height=\"1024\" data-id=\"161\" src=\"https:\/\/stacjaplaska.pl\/wp-content\/uploads\/2022\/08\/20220807_082745-461x1024.jpg\" alt=\"\" class=\"wp-image-161\" srcset=\"https:\/\/stacjaplaska.pl\/wp-content\/uploads\/2022\/08\/20220807_082745-461x1024.jpg 461w, https:\/\/stacjaplaska.pl\/wp-content\/uploads\/2022\/08\/20220807_082745-135x300.jpg 135w, https:\/\/stacjaplaska.pl\/wp-content\/uploads\/2022\/08\/20220807_082745-768x1707.jpg 768w, https:\/\/stacjaplaska.pl\/wp-content\/uploads\/2022\/08\/20220807_082745-691x1536.jpg 691w, https:\/\/stacjaplaska.pl\/wp-content\/uploads\/2022\/08\/20220807_082745-922x2048.jpg 922w, https:\/\/stacjaplaska.pl\/wp-content\/uploads\/2022\/08\/20220807_082745-scaled.jpg 1152w\" sizes=\"auto, (max-width: 461px) 100vw, 461px\" \/><\/a><\/figure>\n\n\n\n<figure class=\"wp-block-image size-large\"><a href=\"https:\/\/stacjaplaska.pl\/wp-content\/uploads\/2022\/08\/20220807_084451-scaled.jpg\"><img loading=\"lazy\" decoding=\"async\" width=\"1024\" height=\"461\" data-id=\"165\" src=\"https:\/\/stacjaplaska.pl\/wp-content\/uploads\/2022\/08\/20220807_084451-1024x461.jpg\" alt=\"\" class=\"wp-image-165\" srcset=\"https:\/\/stacjaplaska.pl\/wp-content\/uploads\/2022\/08\/20220807_084451-1024x461.jpg 1024w, https:\/\/stacjaplaska.pl\/wp-content\/uploads\/2022\/08\/20220807_084451-300x135.jpg 300w, https:\/\/stacjaplaska.pl\/wp-content\/uploads\/2022\/08\/20220807_084451-768x346.jpg 768w, https:\/\/stacjaplaska.pl\/wp-content\/uploads\/2022\/08\/20220807_084451-1536x691.jpg 1536w, https:\/\/stacjaplaska.pl\/wp-content\/uploads\/2022\/08\/20220807_084451-2048x922.jpg 2048w\" sizes=\"auto, (max-width: 767px) 89vw, (max-width: 1000px) 54vw, (max-width: 1071px) 543px, 580px\" \/><\/a><\/figure>\n\n\n\n<figure class=\"wp-block-image size-large\"><a href=\"https:\/\/stacjaplaska.pl\/wp-content\/uploads\/2022\/08\/20220806_204958-scaled.jpg\"><img loading=\"lazy\" decoding=\"async\" width=\"461\" height=\"1024\" data-id=\"162\" src=\"https:\/\/stacjaplaska.pl\/wp-content\/uploads\/2022\/08\/20220806_204958-461x1024.jpg\" alt=\"\" class=\"wp-image-162\" srcset=\"https:\/\/stacjaplaska.pl\/wp-content\/uploads\/2022\/08\/20220806_204958-461x1024.jpg 461w, https:\/\/stacjaplaska.pl\/wp-content\/uploads\/2022\/08\/20220806_204958-135x300.jpg 135w, https:\/\/stacjaplaska.pl\/wp-content\/uploads\/2022\/08\/20220806_204958-768x1705.jpg 768w, https:\/\/stacjaplaska.pl\/wp-content\/uploads\/2022\/08\/20220806_204958-692x1536.jpg 692w, https:\/\/stacjaplaska.pl\/wp-content\/uploads\/2022\/08\/20220806_204958-922x2048.jpg 922w, https:\/\/stacjaplaska.pl\/wp-content\/uploads\/2022\/08\/20220806_204958-scaled.jpg 1153w\" sizes=\"auto, (max-width: 461px) 100vw, 461px\" \/><\/a><\/figure>\n\n\n\n<figure class=\"wp-block-image size-large\"><a href=\"https:\/\/stacjaplaska.pl\/wp-content\/uploads\/2022\/08\/20220806_201959-scaled.jpg\"><img loading=\"lazy\" decoding=\"async\" width=\"1024\" height=\"461\" data-id=\"163\" src=\"https:\/\/stacjaplaska.pl\/wp-content\/uploads\/2022\/08\/20220806_201959-1024x461.jpg\" alt=\"\" class=\"wp-image-163\" srcset=\"https:\/\/stacjaplaska.pl\/wp-content\/uploads\/2022\/08\/20220806_201959-1024x461.jpg 1024w, https:\/\/stacjaplaska.pl\/wp-content\/uploads\/2022\/08\/20220806_201959-300x135.jpg 300w, https:\/\/stacjaplaska.pl\/wp-content\/uploads\/2022\/08\/20220806_201959-768x346.jpg 768w, https:\/\/stacjaplaska.pl\/wp-content\/uploads\/2022\/08\/20220806_201959-1536x691.jpg 1536w, https:\/\/stacjaplaska.pl\/wp-content\/uploads\/2022\/08\/20220806_201959-2048x922.jpg 2048w\" sizes=\"auto, (max-width: 767px) 89vw, (max-width: 1000px) 54vw, (max-width: 1071px) 543px, 580px\" \/><\/a><\/figure>\n\n\n\n<figure class=\"wp-block-image size-large\"><a href=\"https:\/\/stacjaplaska.pl\/wp-content\/uploads\/2022\/08\/20220807_084844-scaled.jpg\"><img loading=\"lazy\" decoding=\"async\" width=\"1024\" height=\"461\" data-id=\"171\" src=\"https:\/\/stacjaplaska.pl\/wp-content\/uploads\/2022\/08\/20220807_084844-1024x461.jpg\" alt=\"\" class=\"wp-image-171\" srcset=\"https:\/\/stacjaplaska.pl\/wp-content\/uploads\/2022\/08\/20220807_084844-1024x461.jpg 1024w, https:\/\/stacjaplaska.pl\/wp-content\/uploads\/2022\/08\/20220807_084844-300x135.jpg 300w, https:\/\/stacjaplaska.pl\/wp-content\/uploads\/2022\/08\/20220807_084844-768x346.jpg 768w, https:\/\/stacjaplaska.pl\/wp-content\/uploads\/2022\/08\/20220807_084844-1536x692.jpg 1536w, https:\/\/stacjaplaska.pl\/wp-content\/uploads\/2022\/08\/20220807_084844-2048x922.jpg 2048w\" sizes=\"auto, (max-width: 767px) 89vw, (max-width: 1000px) 54vw, (max-width: 1071px) 543px, 580px\" \/><\/a><\/figure>\n\n\n\n<figure class=\"wp-block-image size-large\"><a href=\"https:\/\/stacjaplaska.pl\/wp-content\/uploads\/2022\/08\/20220807_085205-scaled.jpg\"><img loading=\"lazy\" decoding=\"async\" width=\"1024\" height=\"461\" data-id=\"168\" src=\"https:\/\/stacjaplaska.pl\/wp-content\/uploads\/2022\/08\/20220807_085205-1024x461.jpg\" alt=\"\" class=\"wp-image-168\" srcset=\"https:\/\/stacjaplaska.pl\/wp-content\/uploads\/2022\/08\/20220807_085205-1024x461.jpg 1024w, https:\/\/stacjaplaska.pl\/wp-content\/uploads\/2022\/08\/20220807_085205-300x135.jpg 300w, https:\/\/stacjaplaska.pl\/wp-content\/uploads\/2022\/08\/20220807_085205-768x346.jpg 768w, https:\/\/stacjaplaska.pl\/wp-content\/uploads\/2022\/08\/20220807_085205-1536x691.jpg 1536w, https:\/\/stacjaplaska.pl\/wp-content\/uploads\/2022\/08\/20220807_085205-2048x922.jpg 2048w\" sizes=\"auto, (max-width: 767px) 89vw, (max-width: 1000px) 54vw, (max-width: 1071px) 543px, 580px\" \/><\/a><\/figure>\n\n\n\n<figure class=\"wp-block-image size-large\"><a href=\"https:\/\/stacjaplaska.pl\/wp-content\/uploads\/2022\/08\/20220807_085013-scaled.jpg\"><img loading=\"lazy\" decoding=\"async\" width=\"461\" height=\"1024\" data-id=\"169\" src=\"https:\/\/stacjaplaska.pl\/wp-content\/uploads\/2022\/08\/20220807_085013-461x1024.jpg\" alt=\"\" class=\"wp-image-169\" srcset=\"https:\/\/stacjaplaska.pl\/wp-content\/uploads\/2022\/08\/20220807_085013-461x1024.jpg 461w, https:\/\/stacjaplaska.pl\/wp-content\/uploads\/2022\/08\/20220807_085013-135x300.jpg 135w, https:\/\/stacjaplaska.pl\/wp-content\/uploads\/2022\/08\/20220807_085013-768x1707.jpg 768w, https:\/\/stacjaplaska.pl\/wp-content\/uploads\/2022\/08\/20220807_085013-691x1536.jpg 691w, https:\/\/stacjaplaska.pl\/wp-content\/uploads\/2022\/08\/20220807_085013-922x2048.jpg 922w, https:\/\/stacjaplaska.pl\/wp-content\/uploads\/2022\/08\/20220807_085013-scaled.jpg 1152w\" sizes=\"auto, (max-width: 461px) 100vw, 461px\" \/><\/a><\/figure>\n\n\n\n<figure class=\"wp-block-image size-large\"><a href=\"https:\/\/stacjaplaska.pl\/wp-content\/uploads\/2022\/08\/20220807_102635-scaled.jpg\"><img loading=\"lazy\" decoding=\"async\" width=\"461\" height=\"1024\" data-id=\"166\" src=\"https:\/\/stacjaplaska.pl\/wp-content\/uploads\/2022\/08\/20220807_102635-461x1024.jpg\" alt=\"\" class=\"wp-image-166\" srcset=\"https:\/\/stacjaplaska.pl\/wp-content\/uploads\/2022\/08\/20220807_102635-461x1024.jpg 461w, https:\/\/stacjaplaska.pl\/wp-content\/uploads\/2022\/08\/20220807_102635-135x300.jpg 135w, https:\/\/stacjaplaska.pl\/wp-content\/uploads\/2022\/08\/20220807_102635-768x1705.jpg 768w, https:\/\/stacjaplaska.pl\/wp-content\/uploads\/2022\/08\/20220807_102635-692x1536.jpg 692w, https:\/\/stacjaplaska.pl\/wp-content\/uploads\/2022\/08\/20220807_102635-922x2048.jpg 922w, https:\/\/stacjaplaska.pl\/wp-content\/uploads\/2022\/08\/20220807_102635-scaled.jpg 1153w\" sizes=\"auto, (max-width: 461px) 100vw, 461px\" \/><\/a><\/figure>\n\n\n\n<figure class=\"wp-block-image size-large\"><a href=\"https:\/\/stacjaplaska.pl\/wp-content\/uploads\/2022\/08\/20220807_085410-scaled.jpg\"><img loading=\"lazy\" decoding=\"async\" width=\"461\" height=\"1024\" data-id=\"164\" src=\"https:\/\/stacjaplaska.pl\/wp-content\/uploads\/2022\/08\/20220807_085410-461x1024.jpg\" alt=\"\" class=\"wp-image-164\" srcset=\"https:\/\/stacjaplaska.pl\/wp-content\/uploads\/2022\/08\/20220807_085410-461x1024.jpg 461w, https:\/\/stacjaplaska.pl\/wp-content\/uploads\/2022\/08\/20220807_085410-135x300.jpg 135w, https:\/\/stacjaplaska.pl\/wp-content\/uploads\/2022\/08\/20220807_085410-768x1707.jpg 768w, https:\/\/stacjaplaska.pl\/wp-content\/uploads\/2022\/08\/20220807_085410-691x1536.jpg 691w, https:\/\/stacjaplaska.pl\/wp-content\/uploads\/2022\/08\/20220807_085410-922x2048.jpg 922w, https:\/\/stacjaplaska.pl\/wp-content\/uploads\/2022\/08\/20220807_085410-scaled.jpg 1152w\" sizes=\"auto, (max-width: 461px) 100vw, 461px\" \/><\/a><\/figure>\n\n\n\n<figure class=\"wp-block-image size-large\"><a href=\"https:\/\/stacjaplaska.pl\/wp-content\/uploads\/2022\/08\/20220807_102438-scaled.jpg\"><img loading=\"lazy\" decoding=\"async\" width=\"1024\" height=\"461\" data-id=\"170\" src=\"https:\/\/stacjaplaska.pl\/wp-content\/uploads\/2022\/08\/20220807_102438-1024x461.jpg\" alt=\"\" class=\"wp-image-170\" srcset=\"https:\/\/stacjaplaska.pl\/wp-content\/uploads\/2022\/08\/20220807_102438-1024x461.jpg 1024w, https:\/\/stacjaplaska.pl\/wp-content\/uploads\/2022\/08\/20220807_102438-300x135.jpg 300w, https:\/\/stacjaplaska.pl\/wp-content\/uploads\/2022\/08\/20220807_102438-768x346.jpg 768w, https:\/\/stacjaplaska.pl\/wp-content\/uploads\/2022\/08\/20220807_102438-1536x692.jpg 1536w, https:\/\/stacjaplaska.pl\/wp-content\/uploads\/2022\/08\/20220807_102438-2048x922.jpg 2048w\" sizes=\"auto, (max-width: 767px) 89vw, (max-width: 1000px) 54vw, (max-width: 1071px) 543px, 580px\" \/><\/a><\/figure>\n\n\n\n<figure class=\"wp-block-image size-large\"><a href=\"https:\/\/stacjaplaska.pl\/wp-content\/uploads\/2022\/08\/20220807_104710-scaled.jpg\"><img loading=\"lazy\" decoding=\"async\" width=\"1024\" height=\"461\" data-id=\"167\" src=\"https:\/\/stacjaplaska.pl\/wp-content\/uploads\/2022\/08\/20220807_104710-1024x461.jpg\" alt=\"\" class=\"wp-image-167\" srcset=\"https:\/\/stacjaplaska.pl\/wp-content\/uploads\/2022\/08\/20220807_104710-1024x461.jpg 1024w, https:\/\/stacjaplaska.pl\/wp-content\/uploads\/2022\/08\/20220807_104710-300x135.jpg 300w, https:\/\/stacjaplaska.pl\/wp-content\/uploads\/2022\/08\/20220807_104710-768x346.jpg 768w, https:\/\/stacjaplaska.pl\/wp-content\/uploads\/2022\/08\/20220807_104710-1536x691.jpg 1536w, https:\/\/stacjaplaska.pl\/wp-content\/uploads\/2022\/08\/20220807_104710-2048x922.jpg 2048w\" sizes=\"auto, (max-width: 767px) 89vw, (max-width: 1000px) 54vw, (max-width: 1071px) 543px, 580px\" \/><\/a><\/figure>\n<\/figure>\n","protected":false},"excerpt":{"rendered":"<p>Kana\u0142 Augustowski to pere\u0142ka Podlasia, kt\u00f3r\u0105 warto odwiedzi\u0107 nawet je\u015bli nie planujecie sun\u0105\u0107 kajakiem po taflach rzek i jezior. Dzie\u0142o polskich in\u017cynier\u00f3w z XIX wieku jest uznawane za unikatowe na skale europejsk\u0105.&nbsp;Kana\u0142 Augustowski ma 103,4 km d\u0142ugo\u015bci, z czego znacz\u0105ca wi\u0119kszo\u015b\u0107, ponad 80% znajduje si\u0119 na terenie naszego kraju, a pozosta\u0142a cze\u015b\u0107 na Bia\u0142orusi.&nbsp;Kana\u0142 Augustowski &hellip; <\/p>\n<p class=\"link-more\"><a href=\"https:\/\/stacjaplaska.pl\/index.php\/kanal-augustowski\/\" class=\"more-link\">Czytaj dalej<span class=\"screen-reader-text\"> \u201eKana\u0142 Augustowski\u201d<\/span><\/a><\/p>\n","protected":false},"author":1,"featured_media":63,"parent":0,"menu_order":0,"comment_status":"closed","ping_status":"closed","template":"","meta":{"om_disable_all_campaigns":false,"_monsterinsights_skip_tracking":false,"_monsterinsights_sitenote_active":false,"_monsterinsights_sitenote_note":"","_monsterinsights_sitenote_category":0,"footnotes":""},"class_list":["post-50","page","type-page","status-publish","has-post-thumbnail","hentry"],"aioseo_notices":[],"_links":{"self":[{"href":"https:\/\/stacjaplaska.pl\/index.php\/wp-json\/wp\/v2\/pages\/50","targetHints":{"allow":["GET"]}}],"collection":[{"href":"https:\/\/stacjaplaska.pl\/index.php\/wp-json\/wp\/v2\/pages"}],"about":[{"href":"https:\/\/stacjaplaska.pl\/index.php\/wp-json\/wp\/v2\/types\/page"}],"author":[{"embeddable":true,"href":"https:\/\/stacjaplaska.pl\/index.php\/wp-json\/wp\/v2\/users\/1"}],"replies":[{"embeddable":true,"href":"https:\/\/stacjaplaska.pl\/index.php\/wp-json\/wp\/v2\/comments?post=50"}],"version-history":[{"count":9,"href":"https:\/\/stacjaplaska.pl\/index.php\/wp-json\/wp\/v2\/pages\/50\/revisions"}],"predecessor-version":[{"id":563,"href":"https:\/\/stacjaplaska.pl\/index.php\/wp-json\/wp\/v2\/pages\/50\/revisions\/563"}],"wp:featuredmedia":[{"embeddable":true,"href":"https:\/\/stacjaplaska.pl\/index.php\/wp-json\/wp\/v2\/media\/63"}],"wp:attachment":[{"href":"https:\/\/stacjaplaska.pl\/index.php\/wp-json\/wp\/v2\/media?parent=50"}],"curies":[{"name":"wp","href":"https:\/\/api.w.org\/{rel}","templated":true}]}}